{"id":17,"date":"2017-05-20T15:37:19","date_gmt":"2017-05-20T13:37:19","guid":{"rendered":"http:\/\/hallo-nachbar-simmern.de\/?page_id=17"},"modified":"2026-03-21T17:10:05","modified_gmt":"2026-03-21T16:10:05","slug":"ueber-mich","status":"publish","type":"page","link":"https:\/\/hallo-nachbar-simmern.de\/?page_id=17","title":{"rendered":"\u00dcber uns"},"content":{"rendered":"<p style=\"font-weight: 400;\"><strong>Die Idee<\/strong><\/p>\n<p style=\"font-weight: 400;\">Die Vereinsmitglieder sind f\u00fcreinander da und helfen sich gegenseitig. Dabei kann sich jeder nach seinen F\u00e4higkeiten, Zeit und Lust einsetzen.<\/p>\n<p style=\"font-weight: 400;\">\n<p style=\"font-weight: 400;\"><strong>Wer sind wir?<\/strong><\/p>\n<p style=\"font-weight: 400;\">Engagierte B\u00fcrgerinnen und B\u00fcrger jeden Alters aus Simmern und Umgebung, die Hilfe auf Gegenseitigkeit leisten wollen.<\/p>\n<p style=\"font-weight: 400;\">Dazu haben wir uns in einem gemeinn\u00fctzigen Verein organisiert. Ausschlie\u00dflich Mitglieder k\u00f6nnen mitarbeiten oder Leistungen in Anspruch nehmen.<\/p>\n<p style=\"font-weight: 400;\">\n<p style=\"font-weight: 400;\"><strong>Was bewegt uns?<\/strong><\/p>\n<p style=\"font-weight: 400;\">Unser Angebot umfasst die vielen kleinen, jedoch notwendigen Dinge des Lebens. Wir helfen im Rahmen unserer M\u00f6glichkeiten allen, die unsere Solidarit\u00e4t brauchen, z.B. \u00e4lteren Mitmenschen, Alleinerziehenden oder auch Personen, die sich in Notlagen befinden.<\/p>\n<p style=\"font-weight: 400;\">\n<p style=\"font-weight: 400;\"><strong>Wen brauchen wir?<\/strong><\/p>\n<p style=\"font-weight: 400;\">Wir suchen Menschen jeden Alters, die Freude daran haben, Anderen zu helfen.<\/p>\n<p style=\"font-weight: 400;\">Den Umgang seines Engagements bestimmt jeder selbst!<\/p>\n<p style=\"font-weight: 400;\">\n<p style=\"font-weight: 400;\"><strong>Wie helfen wir?<\/strong><\/p>\n<p style=\"font-weight: 400;\">Sie rufen uns einfach an, nennen uns Ihren Wunsch und wir versuchen Ihnen einen Helfer bzw. Helferin zu vermitteln.<\/p>\n<p style=\"font-weight: 400;\">Abgerechnet wird \u00fcber ein Punktesystem. Wer Leistung erbringt, bekommen f\u00fcr jede angefangene Stunde 2 Punkte, die man sammeln oder bei selbst Inanspruchnahme einer fremden Leistung einl\u00f6sen kann.<\/p>\n<p style=\"font-weight: 400;\">Es gibt Mitglieder, die aus Gesundheits- oder Altersgr\u00fcnden keine Leistung mehr erbringen k\u00f6nnen, aber Hilfe brauchen. Von diesen Mitgliedern erbitten wir einen geringen Geldbetrag, von derzeit 2,50 Euro je angefangene Stunde.<\/p>\n<p style=\"font-weight: 400;\">\n<p style=\"font-weight: 400;\">Dank unserer Mitglieder bieten wir folgende T\u00e4tigkeiten an:<\/p>\n<ul>\n<li>Einkaufshilfe, Besorgungen, Beh\u00f6rdeng\u00e4nge<\/li>\n<li>Begleitdienste, z.B. zum Arzt, Krankenhaus usw.<\/li>\n<li>Besuchsdienste, z.B. Vorlesen, spazierengehen<\/li>\n<li>Hilfe bei Schriftwechsel<\/li>\n<li>Kleine handwerkliche Arbeiten, f\u00fcr die keine Firma kommt<\/li>\n<li>Garten-\/Grabpflege<\/li>\n<li>Hilfe im Haushalt, z.B. bei pl\u00f6tzlicher Erkrankung<\/li>\n<li>Hausbetreuung, z.B. in Notlagen (Abwesenheit, Krankheit)<\/li>\n<li>Betreuung von Haustieren<\/li>\n<li>PC, Tablet und Handyhilfe, Anleitung<\/li>\n<li>Hilfe bei der Kinderbetreuung<\/li>\n<li>Mithilfe im Vereinsb\u00fcro<\/li>\n<li>Mithilfe in Kinderg\u00e4rten, z.B. Vorlesen<\/li>\n<li>Mithilfe in Schulen, z.B. Nachhilfe, Hausaufgabenbetreuung<\/li>\n<li>Mithilfe bei Veranstaltungen<\/li>\n<\/ul>\n<p style=\"font-weight: 400;\">\n<p style=\"font-weight: 400;\"><strong>Wie werden Sie Mitglied?<\/strong><\/p>\n<p style=\"font-weight: 400;\">Sie k\u00f6nnen unseren online verf\u00fcgbaren Aufnahmeantrag ausf\u00fcllen und uns zusenden oder im B\u00fcro abgeben. Wir werden uns dann mit Ihnen in Verbindung setzen.<\/p>\n","protected":false},"excerpt":{"rendered":"<p>Die Idee Die Vereinsmitglieder sind f\u00fcreinander da und helfen sich gegenseitig. Dabei kann sich jeder nach seinen F\u00e4higkeiten, Zeit und Lust einsetzen. Wer sind wir? Engagierte B\u00fcrgerinnen und B\u00fcrger jeden Alters aus Simmern und Umgebung, die Hilfe auf Gegenseitigkeit leisten wollen. Dazu haben wir uns in einem gemeinn\u00fctzigen Verein organisiert. Ausschlie\u00dflich Mitglieder k\u00f6nnen mitarbeiten oder &hellip; <\/p>\n<p class=\"link-more\"><a href=\"https:\/\/hallo-nachbar-simmern.de\/?page_id=17\" class=\"more-link\"><span class=\"screen-reader-text\">\u201e\u00dcber uns\u201c<\/span> weiterlesen<\/a><\/p>\n","protected":false},"author":1,"featured_media":0,"parent":0,"menu_order":0,"comment_status":"closed","ping_status":"closed","template":"","meta":{"footnotes":""},"class_list":["post-17","page","type-page","status-publish","hentry"],"_links":{"self":[{"href":"https:\/\/hallo-nachbar-simmern.de\/index.php?rest_route=\/wp\/v2\/pages\/17","targetHints":{"allow":["GET"]}}],"collection":[{"href":"https:\/\/hallo-nachbar-simmern.de\/index.php?rest_route=\/wp\/v2\/pages"}],"about":[{"href":"https:\/\/hallo-nachbar-simmern.de\/index.php?rest_route=\/wp\/v2\/types\/page"}],"author":[{"embeddable":true,"href":"https:\/\/hallo-nachbar-simmern.de\/index.php?rest_route=\/wp\/v2\/users\/1"}],"replies":[{"embeddable":true,"href":"https:\/\/hallo-nachbar-simmern.de\/index.php?rest_route=%2Fwp%2Fv2%2Fcomments&post=17"}],"version-history":[{"count":7,"href":"https:\/\/hallo-nachbar-simmern.de\/index.php?rest_route=\/wp\/v2\/pages\/17\/revisions"}],"predecessor-version":[{"id":1782,"href":"https:\/\/hallo-nachbar-simmern.de\/index.php?rest_route=\/wp\/v2\/pages\/17\/revisions\/1782"}],"wp:attachment":[{"href":"https:\/\/hallo-nachbar-simmern.de\/index.php?rest_route=%2Fwp%2Fv2%2Fmedia&parent=17"}],"curies":[{"name":"wp","href":"https:\/\/api.w.org\/{rel}","templated":true}]}}