{"id":18,"date":"2017-05-20T15:37:19","date_gmt":"2017-05-20T13:37:19","guid":{"rendered":"http:\/\/hallo-nachbar-simmern.de\/?page_id=18"},"modified":"2018-07-25T17:28:23","modified_gmt":"2018-07-25T15:28:23","slug":"kontakt","status":"publish","type":"page","link":"https:\/\/hallo-nachbar-simmern.de\/?page_id=18","title":{"rendered":"Kontakt"},"content":{"rendered":"<h2 class=\"widget-title\">HIER FINDEN SIE UNS<\/h2>\n<div class=\"textwidget\">\n<p><strong>Adresse<\/strong><br \/>\nHunsr\u00fcckhalle (R\u00fcckseite), Schulstra\u00dfe<br \/>\n55469 Simmern<\/p>\n<p><strong>\u00d6ffnungszeiten<\/strong><br \/>\ndienstags 10:00 &#8211; 12:00 Uhr<\/p>\n<p><strong>Kontakt<br \/>\n<\/strong>Telefon:\u00a0067 61 \u2013 9 15 78 69<br \/>\nE-Mail: <a href=\"mailto:hallo-nachbar@simmern.de\">hallo-nachbar@simmern.de<\/a><\/p>\n<\/div>\n","protected":false},"excerpt":{"rendered":"<p>HIER FINDEN SIE UNS Adresse Hunsr\u00fcckhalle (R\u00fcckseite), Schulstra\u00dfe 55469 Simmern \u00d6ffnungszeiten dienstags 10:00 &#8211; 12:00 Uhr Kontakt Telefon:\u00a0067 61 \u2013 9 15 78 69 E-Mail: hallo-nachbar@simmern.de<\/p>\n","protected":false},"author":1,"featured_media":0,"parent":0,"menu_order":0,"comment_status":"closed","ping_status":"closed","template":"","meta":{"footnotes":""},"class_list":["post-18","page","type-page","status-publish","hentry"],"_links":{"self":[{"href":"https:\/\/hallo-nachbar-simmern.de\/index.php?rest_route=\/wp\/v2\/pages\/18","targetHints":{"allow":["GET"]}}],"collection":[{"href":"https:\/\/hallo-nachbar-simmern.de\/index.php?rest_route=\/wp\/v2\/pages"}],"about":[{"href":"https:\/\/hallo-nachbar-simmern.de\/index.php?rest_route=\/wp\/v2\/types\/page"}],"author":[{"embeddable":true,"href":"https:\/\/hallo-nachbar-simmern.de\/index.php?rest_route=\/wp\/v2\/users\/1"}],"replies":[{"embeddable":true,"href":"https:\/\/hallo-nachbar-simmern.de\/index.php?rest_route=%2Fwp%2Fv2%2Fcomments&post=18"}],"version-history":[{"count":7,"href":"https:\/\/hallo-nachbar-simmern.de\/index.php?rest_route=\/wp\/v2\/pages\/18\/revisions"}],"predecessor-version":[{"id":388,"href":"https:\/\/hallo-nachbar-simmern.de\/index.php?rest_route=\/wp\/v2\/pages\/18\/revisions\/388"}],"wp:attachment":[{"href":"https:\/\/hallo-nachbar-simmern.de\/index.php?rest_route=%2Fwp%2Fv2%2Fmedia&parent=18"}],"curies":[{"name":"wp","href":"https:\/\/api.w.org\/{rel}","templated":true}]}}