{"id":330,"date":"2018-07-08T19:23:58","date_gmt":"2018-07-08T17:23:58","guid":{"rendered":"http:\/\/hallo-nachbar-simmern.de\/?page_id=330"},"modified":"2023-11-15T17:36:45","modified_gmt":"2023-11-15T16:36:45","slug":"datenschutz","status":"publish","type":"page","link":"https:\/\/hallo-nachbar-simmern.de\/?page_id=330","title":{"rendered":"Datenschutz"},"content":{"rendered":"<h4><strong>Information zum Datenschutz des Vereins Hallo Nachbar Solidargemeinschaft der Generationen<\/strong><strong>\u00a0in Simmern u. Umgebung e.V.\u00a0 <\/strong><strong>gem\u00e4\u00df DSGVO (Datenschutzgrundverordnung):<\/strong><\/h4>\n<p><em><strong>\u00a0<\/strong>Nach Artikel 13 und 14 EU-DSGVO hat der Verantwortliche einer betroffenen Person, deren Daten er verarbeitet, die in den Artikeln genannten Informationen bereit zu stellen. Dieser Informationspflicht kommen wir durch dieses Informationsblatt nach.<\/em><\/p>\n<p>1. Namen und Kontaktdaten des Verantwortlichen sowie gegebenenfalls seiner Vertreter:<\/p>\n<p><strong>Vereins \u201eHallo Nachbar\u201c Solidargemeinschaft der Generationen in Simmern u. Umgebung e.V. <\/strong>vertreten durch den Vorstand nach \u00a7 26 BGB<\/p>\n<p>a)\u00a0 1. Vorsitzende Frau Dagmar Gallo, Fustenburgstra\u00dfe 8,\u00a0 55469 Simmern<\/p>\n<p>b) 2. Vorsitzende Frau Renate Sehn, Ludwigstra\u00dfe 15, 55469 Simmern<\/p>\n<p>e-Mail: <a href=\"mailto:hallo-nachbar@simmern.de\">hallo-nachbar@simmern.de<\/a><\/p>\n<p>2. Kontaktdaten des Datenschutzbeauftragten\/der Datenschutzbeauftragten:<\/p>\n<p>Es besteht derzeit keine Erfordernis!<\/p>\n<p>3. Zwecke, f\u00fcr die personenbezogenen Daten verarbeitet werden:<\/p>\n<p>Zur Erf\u00fcllung der Zwecke und Aufgaben des Vereins werden unter Beachtung der Vorgaben der europ\u00e4ischen Datenschutzgrundverordnung (EU-DSGVO) und des Bundesdatenschutzgesetzes (BDSG) personenbezogene Daten \u00fcber pers\u00f6nliche und sachliche Verh\u00e4ltnisse der Mitglieder im Verein verarbeitet.<\/p>\n<p><strong>Zweck der Datenverarbeitung<\/strong><\/p>\n<p><em>Mitglieder<\/em><\/p>\n<ul>\n<li>Zur Einladung zu Versammlungen<\/li>\n<li>Zum Versand von Mitteilungen, Terminen, Sitzungsprotokollen<\/li>\n<li>Zur Kontaktpflege unter- und miteinander<\/li>\n<li>Zur Email Kommunikation<\/li>\n<li>Zur Beitragsberechnung und zum Beitragseinzug<\/li>\n<li>Zur Weiterleitung an berechtigte Empf\u00e4nger<\/li>\n<\/ul>\n<p><em>\u00a0<\/em><\/p>\n<p><em>Nichtmitglieder\/Dritte\/Dozenten\/Besucher<\/em><\/p>\n<ul>\n<li>Zur Kommunikation und Terminabsprache<\/li>\n<li>Zur Abrechnung der Honorare<\/li>\n<li>Zur Einladung zu Versammlungen<\/li>\n<li>Zur Kommunikation<\/li>\n<\/ul>\n<p><strong>Weitergabe von verarbeiteten Daten, Artikel 6, Abs.1 lit. b, f DS-GVO<\/strong><\/p>\n<p><em>\u00a0\u00a0\u00a0\u00a0\u00a0\u00a0\u00a0\u00a0\u00a0Mitglieder<\/em><\/p>\n<p>Eine Weitergabe verarbeiteter Daten erfolgt nicht.<\/p>\n<p><strong>\u00a0<\/strong><strong>Email-Adressen<\/strong><\/p>\n<p><em>von Mitgliedern\u00a0 zur<\/em><\/p>\n<ul>\n<li>Kontaktpflege<\/li>\n<li>Rundmail<\/li>\n<li>gemeinsame Aktionen<\/li>\n<li>Aus\u00fcbung satzungsgem\u00e4\u00dfer Rechte<\/li>\n<li>Mitteilung der Einwilligung zur Datenverarbeitung<\/li>\n<\/ul>\n<p><em>Nichtmitglieder\/Dritte\/Dozenten\/Besucher<\/em><\/p>\n<p>Eine Weiterleitung erfolgt nicht bzw. nur nach vorheriger Einwilligung<\/p>\n<p>An den Empf\u00e4nger berechtigt weitergeleiteter Daten d\u00fcrfen diese ausschlie\u00dflich f\u00fcr diesen weitergeleiteten Zweck verwenden.<\/p>\n<p>Dar\u00fcber hinaus k\u00f6nnen personenbezogene Daten im Zusammenhang mit vereinsinternen Ereignissen auf der Internetseite des Vereins, in Auftritten des Vereins in Sozialen Medien sowie auf Seiten der lokalen, regionalen und \u00fcberregionalen Printmedien an diese \u00fcbermittelt werden.<\/p>\n<p><strong>Rechtsgrundlagen, auf Grund derer die Verarbeitung erfolgt: <\/strong><\/p>\n<p>Die Verarbeitung der personenbezogenen Daten erfolgt in der Regel aufgrund der Erforderlichkeit zur Erf\u00fcllung eines Vertrages gem\u00e4\u00df Artikel 6 Abs. 1 b) DSGVO. Bei den Vertragsverh\u00e4ltnissen handelt es sich in erster Linie um das Mitgliedschaftsverh\u00e4ltnis im Verein und um die Teilnahme an Veranstaltungen.<\/p>\n<p>Werden personenbezogene Daten erhoben, ohne dass die Verarbeitung zur Erf\u00fcllung des Vertrages erforderlich ist, erfolgt die Verarbeitung aufgrund einer Einwilligung nach Artikel 6 Abs. 1 a) in Verbindung mit Artikel 7 DSGVO.\u00a0 Die Ver\u00f6ffentlichung personenbezogener Daten im Internet oder in lokalen, regionalen oder \u00fcberregionalen Printmedien erfolgt zur Wahrung berechtigter Interessen des Vereins (vgl. Artikel 6 Abs. 1 f) DSGVO). Das berechtigte Interesse des Vereins besteht in der Information der \u00d6ffentlichkeit durch Berichtserstattung \u00fcber die Aktivit\u00e4ten des Vereins. In diesem Rahmen werden personenbezogene Daten einschlie\u00dflich von Bildern der Teilnehmer zum Beispiel im Rahmen der Berichterstattung \u00fcber Ereignisse, Zusammenk\u00fcnfte, Veranstaltungen, Ausfl\u00fcgen u. Versammlungen des Vereins ver\u00f6ffentlicht.<\/p>\n<p><strong>Die Empf\u00e4nger oder Kategorien von Empf\u00e4ngern der personenbezogenen Daten: <\/strong><\/p>\n<p>Personenbezogene Daten der Mitglieder, insbesondere die Daten der Bankverbindung der Mitglieder werden zum Zwecke des Beitragseinzugs an die beteiligten Banken und Sparkassen weitergeleitet.<\/p>\n<p><strong>Die Dauer, f\u00fcr die die personenbezogenen Daten gespeichert werden oder, falls dies nicht m\u00f6glich ist, die Kriterien f\u00fcr die Festlegung der Dauer: <\/strong><\/p>\n<p>Die personenbezogenen Daten werden f\u00fcr die Dauer der Mitgliedschaft gespeichert. Mit Beendigung der Mitgliedschaft werden die Datenkategorien gem\u00e4\u00df den gesetzlichen Aufbewahrungsfristen weitere zehn Jahre vorgehalten und dann gel\u00f6scht. In der Zeit zwischen Beendigung der Mitgliedschaft und der L\u00f6schung wird die Verarbeitung dieser Daten eingeschr\u00e4nkt. Bestimmte Datenkategorien k\u00f6nnen zum Zweck der Vereinschronik im Vereinsarchiv gespeichert werden. Hierbei handelt es sich um die Kategorien Vorname, Nachname, Geburtstag, Eintrittsdatum, Austrittsdatum.<\/p>\n<p>Besondere Verdienste im Verein u. T\u00e4tigkeiten an der die betroffene Person mitgewirkt hat. Der Speicherung liegt ein berechtigtes Interesse des Vereins an der zeitgeschichtlichen Dokumentation von vereinsinternen Ereignissen zugrunde. Alle Daten der \u00fcbrigen Kategorien (z.B. Bankdaten, Kontaktdaten) werden mit Beendigung der Mitgliedschaft und der Erf\u00fcllung berechtigter Forderungen des Vereins an das Mitglied gel\u00f6scht.<\/p>\n<p><strong>\u00a0<\/strong><strong>Der betroffenen Person stehen unter den in den Artikeln jeweils genannten Voraussetzungen die nachfolgenden Rechte zu: <\/strong><\/p>\n<p>Soweit die in den jeweiligen Vorschriften beschriebenen Voraussetzungen vorliegen, hat jedes Vereinsmitglied insbesondere die folgenden Rechte:<\/p>\n<ul>\n<li>das Recht auf Auskunft nach Artikel 15 DS-GVO,<\/li>\n<li>das Recht auf Berichtigung nach Artikel 16 DS-GVO,<\/li>\n<li>das Recht auf L\u00f6schung nach Artikel 17 DS-GVO,<\/li>\n<li>das Recht auf Einschr\u00e4nkung der Verarbeitung nach Artikel 18 DS-GVO<\/li>\n<li>das Recht auf Daten\u00fcbertragbarkeit nach Artikel 20 DS-GVO und<\/li>\n<li>das Widerspruchsrecht nach Artikel 21 DS-GVO.<\/li>\n<\/ul>\n<p>Den Organen des Vereins, allen Mitarbeitern oder sonst f\u00fcr den Verein T\u00e4tigen ist es untersagt, personenbezogene Daten unbefugt zu anderen als zu der jeweiligen Aufgabenerf\u00fcllung geh\u00f6renden Zweck zu verarbeiten oder bekannt zu geben, Dritten zug\u00e4nglich zu machen oder sonst zu nutzen. Diese Pflicht besteht auch \u00fcber das Ausscheiden der oben genannten Personen aus dem Verein hinaus.<\/p>\n<p><strong>Herkunft der personenbezogenen Daten: <\/strong><\/p>\n<p>Die personenbezogenen Daten werden grunds\u00e4tzlich im Rahmen des Erwerbs der Mitgliedschaft erhoben.<\/p>\n<p>Stand: 01.Juli 2018<\/p>\n","protected":false},"excerpt":{"rendered":"<p>Information zum Datenschutz des Vereins Hallo Nachbar Solidargemeinschaft der Generationen\u00a0in Simmern u. Umgebung e.V.\u00a0 gem\u00e4\u00df DSGVO (Datenschutzgrundverordnung): \u00a0Nach Artikel 13 und 14 EU-DSGVO hat der Verantwortliche einer betroffenen Person, deren Daten er verarbeitet, die in den Artikeln genannten Informationen bereit zu stellen. Dieser Informationspflicht kommen wir durch dieses Informationsblatt nach. 1. Namen und Kontaktdaten des &hellip; <\/p>\n<p class=\"link-more\"><a href=\"https:\/\/hallo-nachbar-simmern.de\/?page_id=330\" class=\"more-link\"><span class=\"screen-reader-text\">\u201eDatenschutz\u201c<\/span> weiterlesen<\/a><\/p>\n","protected":false},"author":1,"featured_media":0,"parent":0,"menu_order":0,"comment_status":"closed","ping_status":"closed","template":"","meta":{"footnotes":""},"class_list":["post-330","page","type-page","status-publish","hentry"],"_links":{"self":[{"href":"https:\/\/hallo-nachbar-simmern.de\/index.php?rest_route=\/wp\/v2\/pages\/330","targetHints":{"allow":["GET"]}}],"collection":[{"href":"https:\/\/hallo-nachbar-simmern.de\/index.php?rest_route=\/wp\/v2\/pages"}],"about":[{"href":"https:\/\/hallo-nachbar-simmern.de\/index.php?rest_route=\/wp\/v2\/types\/page"}],"author":[{"embeddable":true,"href":"https:\/\/hallo-nachbar-simmern.de\/index.php?rest_route=\/wp\/v2\/users\/1"}],"replies":[{"embeddable":true,"href":"https:\/\/hallo-nachbar-simmern.de\/index.php?rest_route=%2Fwp%2Fv2%2Fcomments&post=330"}],"version-history":[{"count":7,"href":"https:\/\/hallo-nachbar-simmern.de\/index.php?rest_route=\/wp\/v2\/pages\/330\/revisions"}],"predecessor-version":[{"id":1352,"href":"https:\/\/hallo-nachbar-simmern.de\/index.php?rest_route=\/wp\/v2\/pages\/330\/revisions\/1352"}],"wp:attachment":[{"href":"https:\/\/hallo-nachbar-simmern.de\/index.php?rest_route=%2Fwp%2Fv2%2Fmedia&parent=330"}],"curies":[{"name":"wp","href":"https:\/\/api.w.org\/{rel}","templated":true}]}}