{"id":99,"date":"2017-07-28T19:45:30","date_gmt":"2017-07-28T17:45:30","guid":{"rendered":"http:\/\/hallo-nachbar-simmern.de\/?page_id=99"},"modified":"2026-03-21T17:42:14","modified_gmt":"2026-03-21T16:42:14","slug":"aufnahmeantrag-3","status":"publish","type":"page","link":"https:\/\/hallo-nachbar-simmern.de\/?page_id=99","title":{"rendered":"Aufnahmeantrag"},"content":{"rendered":"<p>\u00dcber unseren Aufnahmeantrag k\u00f6nnen Sie \u00a0eine aktive oder passive Mitgliedschaft beantragen.<br \/>\nSollten Sie Hilfe bei dem Ausf\u00fcllen des Dokumentes ben\u00f6tigen, z\u00f6gern Sie nicht uns zu kontaktieren.<\/p>\n<p>Sie k\u00f6nnen das Dokument als Adobe PDF Dokument <a href=\"https:\/\/hallo-nachbar-simmern.de\/wp-content\/uploads\/2026\/03\/Aufnahmeantrag-2026.pdf\">hier<\/a>\u00a0herunterladen.<\/p>\n","protected":false},"excerpt":{"rendered":"<p>\u00dcber unseren Aufnahmeantrag k\u00f6nnen Sie \u00a0eine aktive oder passive Mitgliedschaft beantragen. Sollten Sie Hilfe bei dem Ausf\u00fcllen des Dokumentes ben\u00f6tigen, z\u00f6gern Sie nicht uns zu kontaktieren. Sie k\u00f6nnen das Dokument als Adobe PDF Dokument hier\u00a0herunterladen.<\/p>\n","protected":false},"author":1,"featured_media":0,"parent":0,"menu_order":0,"comment_status":"closed","ping_status":"closed","template":"","meta":{"footnotes":""},"class_list":["post-99","page","type-page","status-publish","hentry"],"_links":{"self":[{"href":"https:\/\/hallo-nachbar-simmern.de\/index.php?rest_route=\/wp\/v2\/pages\/99","targetHints":{"allow":["GET"]}}],"collection":[{"href":"https:\/\/hallo-nachbar-simmern.de\/index.php?rest_route=\/wp\/v2\/pages"}],"about":[{"href":"https:\/\/hallo-nachbar-simmern.de\/index.php?rest_route=\/wp\/v2\/types\/page"}],"author":[{"embeddable":true,"href":"https:\/\/hallo-nachbar-simmern.de\/index.php?rest_route=\/wp\/v2\/users\/1"}],"replies":[{"embeddable":true,"href":"https:\/\/hallo-nachbar-simmern.de\/index.php?rest_route=%2Fwp%2Fv2%2Fcomments&post=99"}],"version-history":[{"count":9,"href":"https:\/\/hallo-nachbar-simmern.de\/index.php?rest_route=\/wp\/v2\/pages\/99\/revisions"}],"predecessor-version":[{"id":1778,"href":"https:\/\/hallo-nachbar-simmern.de\/index.php?rest_route=\/wp\/v2\/pages\/99\/revisions\/1778"}],"wp:attachment":[{"href":"https:\/\/hallo-nachbar-simmern.de\/index.php?rest_route=%2Fwp%2Fv2%2Fmedia&parent=99"}],"curies":[{"name":"wp","href":"https:\/\/api.w.org\/{rel}","templated":true}]}}